{"id":99,"date":"2009-04-15T23:11:41","date_gmt":"2009-04-15T22:11:41","guid":{"rendered":"http:\/\/www.weinfreunde-unterland.at\/wordpress\/?page_id=99"},"modified":"2009-04-29T09:46:37","modified_gmt":"2009-04-29T07:46:37","slug":"steckbrief-wolfgang-rinner","status":"publish","type":"page","link":"https:\/\/www.weinfreunde-unterland.at\/wordpress\/ueber-mich\/steckbrief-wolfgang-rinner\/","title":{"rendered":"Wolfgang Rinner"},"content":{"rendered":"<figure id=\"attachment_101\" aria-describedby=\"caption-attachment-101\" style=\"width: 104px\" class=\"wp-caption alignleft\"><a href=\"https:\/\/www.weinfreunde-unterland.at\/wordpress\/wp-content\/uploads\/2009\/04\/wolfgang-in-turkei.jpg\"><img loading=\"lazy\" decoding=\"async\" class=\"size-full wp-image-101\" title=\"Wolfgang Rinner 2007\" src=\"https:\/\/www.weinfreunde-unterland.at\/wordpress\/wp-content\/uploads\/2009\/04\/wolfgang-in-turkei.jpg\" alt=\"Wolfgang Rinner\" width=\"104\" height=\"140\" \/><\/a><figcaption id=\"caption-attachment-101\" class=\"wp-caption-text\">Wolfgang Rinner<\/figcaption><\/figure>\n<p>Wolfgang Rinner ist als Leiter der EDV- und Organisationabteilung in der Volksbank Tirol Innsbruck-Schwaz AG t\u00e4tig. Er ist verheiratet mit Gerda und hat seit 2003 eine Tocher &#8211; Tamara &#8211; die ihn ganz besonders auf Trab h\u00e4lt.<\/p>\n<p>Seine Liebe zum Wein wurde erst 2003 durch seinen Freund Frank Rinner geweckt, wobei ihn praktisch sein erster Winzerbesuch zum Ruster Qualit\u00e4tswinzer Feiler-Artinger f\u00fchrte &#8211; ein Produzent, der den Einstieg in die wunderbare Welt der Weine \u00e4u\u00dferst angenehm gestaltete.<\/p>\n<p>Bei den Weinfreunden Unterland ist er vor allem f\u00fcr das Design und die Technik der Homepage verantwortlich.<\/p>\n<p><a href=\"https:\/\/www.weinfreunde-unterland.at\/wordpress\/?author=1\">Alle Artikel von Wolfgang Rinner<\/a><\/p>\n","protected":false},"excerpt":{"rendered":"<p>Wolfgang Rinner ist als Leiter der EDV- und Organisationabteilung in der Volksbank Tirol Innsbruck-Schwaz AG t\u00e4tig. Er ist verheiratet mit &hellip; <\/p>\n","protected":false},"author":1,"featured_media":0,"parent":2,"menu_order":30,"comment_status":"open","ping_status":"open","template":"","meta":{"ngg_post_thumbnail":0,"footnotes":""},"class_list":["post-99","page","type-page","status-publish","hentry"],"_links":{"self":[{"href":"https:\/\/www.weinfreunde-unterland.at\/wordpress\/wp-json\/wp\/v2\/pages\/99","targetHints":{"allow":["GET"]}}],"collection":[{"href":"https:\/\/www.weinfreunde-unterland.at\/wordpress\/wp-json\/wp\/v2\/pages"}],"about":[{"href":"https:\/\/www.weinfreunde-unterland.at\/wordpress\/wp-json\/wp\/v2\/types\/page"}],"author":[{"embeddable":true,"href":"https:\/\/www.weinfreunde-unterland.at\/wordpress\/wp-json\/wp\/v2\/users\/1"}],"replies":[{"embeddable":true,"href":"https:\/\/www.weinfreunde-unterland.at\/wordpress\/wp-json\/wp\/v2\/comments?post=99"}],"version-history":[{"count":8,"href":"https:\/\/www.weinfreunde-unterland.at\/wordpress\/wp-json\/wp\/v2\/pages\/99\/revisions"}],"predecessor-version":[{"id":327,"href":"https:\/\/www.weinfreunde-unterland.at\/wordpress\/wp-json\/wp\/v2\/pages\/99\/revisions\/327"}],"up":[{"embeddable":true,"href":"https:\/\/www.weinfreunde-unterland.at\/wordpress\/wp-json\/wp\/v2\/pages\/2"}],"wp:attachment":[{"href":"https:\/\/www.weinfreunde-unterland.at\/wordpress\/wp-json\/wp\/v2\/media?parent=99"}],"curies":[{"name":"wp","href":"https:\/\/api.w.org\/{rel}","templated":true}]}}