{"id":4166,"date":"2019-07-24T21:43:15","date_gmt":"2019-07-24T19:43:15","guid":{"rendered":"http:\/\/www.weinfreunde-unterland.at\/wordpress\/?page_id=4166"},"modified":"2025-05-15T15:37:19","modified_gmt":"2025-05-15T13:37:19","slug":"datenschutz-dsgvo","status":"publish","type":"page","link":"https:\/\/www.weinfreunde-unterland.at\/wordpress\/datenschutz-dsgvo\/","title":{"rendered":"Datenschutz"},"content":{"rendered":"<h3>Datenschutzerkl\u00e4rung der Weinfreunde Unterland<\/h3>\n<div><strong>Grundlegendes<\/strong><\/div>\n<div>&nbsp;<\/div>\n<div>Die Weinfreunde Unterland nehmen den Datenschutz sehr ernst und behandelt alle personenbezogenen Daten vertraulich und entsprechend der gesetzlichen Vorschriften. Da durch neue Technologien und die st\u00e4ndige Weiterentwicklung dieser Webseite \u00c4nderungen an dieser Datenschutzerkl\u00e4rung vorgenommen werden k\u00f6nnen, empfehlen wir Ihnen, sich die Datenschutzerkl\u00e4rung in regelm\u00e4\u00dfigen Abst\u00e4nden wieder durchzulesen.<\/div>\n<div>&nbsp;<\/div>\n<div>Definitionen der verwendeten Begriffe (z.B. \u201cpersonenbezogene Daten\u201d oder \u201cVerarbeitung\u201d) finden Sie in Art. 4 DSGVO.<\/div>\n<div>&nbsp;<\/div>\n<div>F\u00fcr alle Anfragen, Auskunftsersuchen, L\u00f6schungs- und \u00c4nderungsbegehren&nbsp; wenden Sie sich an unseren Datenschutzbeauftragten:<\/div>\n<div>&nbsp;<\/div>\n<div>Wolfgang Rinner<\/div>\n<div>wolfgang.rinner@weinfreunde-unterland.at<\/div>\n<div>&nbsp;<\/div>\n<div><strong>Zugriffsdaten<\/strong><\/div>\n<div>&nbsp;<\/div>\n<div>Die Weinfreunde M\u00fcnster erheben aufgrund ihres berechtigten Interesses (s. Art. 6 Abs. 1 lit. f. DSGVO) Daten \u00fcber Zugriffe auf die Website.<\/div>\n<div>&nbsp;<\/div>\n<div><strong>Umgang mit Kontaktdaten<\/strong><\/div>\n<div>\n<div>&nbsp;<\/div>\n<div>Nehmen Sie mit uns durch die angebotenen Kontaktm\u00f6glichkeiten Verbindung auf, werden Ihre Angaben gespeichert, damit auf diese zur Bearbeitung und Beantwortung Ihrer Anfrage zur\u00fcckgegriffen werden kann. Ohne Ihre Einwilligung werden diese Daten nicht an Dritte weitergegeben.<\/div>\n<div>&nbsp;<\/div>\n<div><strong>Umgang mit Kommentaren und Beitr\u00e4gen<\/strong><\/div>\n<div>\n<div>&nbsp;<\/div>\n<div>Hinterlassen Sie auf dieser Website einen Beitrag oder Kommentar, wird Ihre IP-Adresse gespeichert. Dies erfolgt aufgrund unserer berechtigten Interessen im Sinne des Art. 6 Abs. 1 lit. f. DSGVO und dient der Sicherheit von uns als Websitebetreiber: Denn sollte Ihr Kommentar gegen geltendes Recht versto\u00dfen, k\u00f6nnen wir daf\u00fcr belangt werden, weshalb wir ein Interesse an der Identit\u00e4t des Kommentar- bzw. Beitragsautors haben.<\/div>\n<div>\n<div>\n<div>&nbsp;<\/div>\n<div><strong>Rechte des Nutzers<\/strong><\/div>\n<div>\n<div>&nbsp;<\/div>\n<div>Sie haben als Nutzer das Recht, auf Antrag eine kostenlose Auskunft dar\u00fcber zu erhalten, welche personenbezogenen Daten \u00fcber Sie gespeichert wurden. Sie haben au\u00dferdem das Recht auf Berichtigung falscher Daten und auf die Verarbeitungseinschr\u00e4nkung oder L\u00f6schung Ihrer personenbezogenen Daten. Falls zutreffend, k\u00f6nnen Sie auch Ihr Recht auf Datenportabilit\u00e4t geltend machen. Sollten Sie annehmen, dass Ihre Daten unrechtm\u00e4\u00dfig verarbeitet wurden, k\u00f6nnen Sie eine Beschwerde bei der zust\u00e4ndigen Aufsichtsbeh\u00f6rde einreichen.<\/div>\n<div>&nbsp;<\/div>\n<div><strong>L\u00f6schung von Daten<\/strong><\/div>\n<div>&nbsp;<\/div>\n<div>Sofern Ihr Wunsch nicht mit einer gesetzlichen Pflicht zur Aufbewahrung von Daten (z. B. Vorratsdatenspeicherung) kollidiert, haben Sie ein Anrecht auf L\u00f6schung Ihrer Daten. Von uns gespeicherte Daten werden, sollten sie f\u00fcr ihre Zweckbestimmung nicht mehr vonn\u00f6ten sein und es keine gesetzlichen Aufbewahrungsfristen geben, gel\u00f6scht. Falls eine L\u00f6schung nicht durchgef\u00fchrt werden kann, da die Daten f\u00fcr zul\u00e4ssige gesetzliche Zwecke erforderlich sind, erfolgt eine Einschr\u00e4nkung der Datenverarbeitung. In diesem Fall werden die Daten gesperrt und nicht f\u00fcr andere Zwecke verarbeitet.<\/div>\n<div>&nbsp;<\/div>\n<div><strong>Widerspruchsrecht<\/strong><\/div>\n<div>&nbsp;<\/div>\n<div>Nutzer dieser Webseite k\u00f6nnen von ihrem Widerspruchsrecht Gebrauch machen und der Verarbeitung ihrer personenbezogenen Daten zu jeder Zeit widersprechen.<\/div>\n<div>Wenn Sie eine Berichtigung, Sperrung, L\u00f6schung oder Auskunft \u00fcber die zu Ihrer Person gespeicherten personenbezogenen Daten w\u00fcnschen oder Fragen bzgl. der Erhebung, Verarbeitung oder Verwendung Ihrer personenbezogenen Daten haben oder erteilte Einwilligungen widerrufen m\u00f6chten, wenden Sie sich bitte an folgende E-Mail-Adresse: wolfgang.rinner@weinfreunde-unterland.at<\/div>\n<\/div>\n<\/div>\n<\/div>\n<\/div>\n<\/div>\n","protected":false},"excerpt":{"rendered":"<p>Datenschutzerkl\u00e4rung der Weinfreunde Unterland Grundlegendes &nbsp; Die Weinfreunde Unterland nehmen den Datenschutz sehr ernst und behandelt alle personenbezogenen Daten vertraulich &hellip; <\/p>\n","protected":false},"author":1,"featured_media":0,"parent":0,"menu_order":95,"comment_status":"closed","ping_status":"closed","template":"","meta":{"ngg_post_thumbnail":0,"footnotes":""},"class_list":["post-4166","page","type-page","status-publish","hentry"],"_links":{"self":[{"href":"https:\/\/www.weinfreunde-unterland.at\/wordpress\/wp-json\/wp\/v2\/pages\/4166","targetHints":{"allow":["GET"]}}],"collection":[{"href":"https:\/\/www.weinfreunde-unterland.at\/wordpress\/wp-json\/wp\/v2\/pages"}],"about":[{"href":"https:\/\/www.weinfreunde-unterland.at\/wordpress\/wp-json\/wp\/v2\/types\/page"}],"author":[{"embeddable":true,"href":"https:\/\/www.weinfreunde-unterland.at\/wordpress\/wp-json\/wp\/v2\/users\/1"}],"replies":[{"embeddable":true,"href":"https:\/\/www.weinfreunde-unterland.at\/wordpress\/wp-json\/wp\/v2\/comments?post=4166"}],"version-history":[{"count":5,"href":"https:\/\/www.weinfreunde-unterland.at\/wordpress\/wp-json\/wp\/v2\/pages\/4166\/revisions"}],"predecessor-version":[{"id":5782,"href":"https:\/\/www.weinfreunde-unterland.at\/wordpress\/wp-json\/wp\/v2\/pages\/4166\/revisions\/5782"}],"wp:attachment":[{"href":"https:\/\/www.weinfreunde-unterland.at\/wordpress\/wp-json\/wp\/v2\/media?parent=4166"}],"curies":[{"name":"wp","href":"https:\/\/api.w.org\/{rel}","templated":true}]}}