{"id":1907,"date":"2012-04-17T10:04:40","date_gmt":"2012-04-17T08:04:40","guid":{"rendered":"http:\/\/www.weinfreunde-unterland.at\/wordpress\/?page_id=1907"},"modified":"2015-05-05T08:42:29","modified_gmt":"2015-05-05T06:42:29","slug":"vereinsvorstand","status":"publish","type":"page","link":"https:\/\/www.weinfreunde-unterland.at\/wordpress\/vereinsvorstand\/","title":{"rendered":"Vereinsvorstand"},"content":{"rendered":"<p>Bei der Gr\u00fcndungsversammlung am 13.4.2012 in W\u00f6rgl wurden folgende Funktion\u00e4re f\u00fcr 2 Jahre einstimmig in den Vorstand der Weinfreunde Unterland gew\u00e4hlt:<\/p>\n<ul>\n<li>Obmann &#8211; Loinger Helmut<\/li>\n<li>Kassier &#8211; <a title=\"Frank Rinner\" href=\"https:\/\/www.weinfreunde-unterland.at\/wordpress\/?page_id=166\">Rinner Frank<\/a><\/li>\n<li>Schriftf\u00fchrer &#8211; <a title=\"Johann Gr\u00f6mansberger\" href=\"https:\/\/www.weinfreunde-unterland.at\/wordpress\/?page_id=185\">Gr\u00f6mansberger Johann<\/a><\/li>\n<\/ul>\n<p>Weiters wurden die Kassapr\u00fcfer f\u00fcr 2 Jahre einstimmig gew\u00e4hlt:<\/p>\n<ul>\n<li>Raffeiner Josef<\/li>\n<li><a title=\"Wolfgang Rinner\" href=\"https:\/\/www.weinfreunde-unterland.at\/wordpress\/?page_id=99\">Rinner Wolfgang<\/a><\/li>\n<\/ul>\n<p>Mit etwas Versp\u00e4tung wurde der gesamte Vorstand inkl. Kassapr\u00fcfer am 30.4.2015 bei der Generalversammlung in W\u00f6rgl erneut f\u00fcr 2 weitere Jahre best\u00e4tigt!<\/p>\n","protected":false},"excerpt":{"rendered":"<p>Bei der Gr\u00fcndungsversammlung am 13.4.2012 in W\u00f6rgl wurden folgende Funktion\u00e4re f\u00fcr 2 Jahre einstimmig in den Vorstand der Weinfreunde Unterland &hellip; <\/p>\n","protected":false},"author":1,"featured_media":0,"parent":0,"menu_order":23,"comment_status":"open","ping_status":"open","template":"","meta":{"ngg_post_thumbnail":0,"footnotes":""},"class_list":["post-1907","page","type-page","status-publish","hentry"],"_links":{"self":[{"href":"https:\/\/www.weinfreunde-unterland.at\/wordpress\/wp-json\/wp\/v2\/pages\/1907","targetHints":{"allow":["GET"]}}],"collection":[{"href":"https:\/\/www.weinfreunde-unterland.at\/wordpress\/wp-json\/wp\/v2\/pages"}],"about":[{"href":"https:\/\/www.weinfreunde-unterland.at\/wordpress\/wp-json\/wp\/v2\/types\/page"}],"author":[{"embeddable":true,"href":"https:\/\/www.weinfreunde-unterland.at\/wordpress\/wp-json\/wp\/v2\/users\/1"}],"replies":[{"embeddable":true,"href":"https:\/\/www.weinfreunde-unterland.at\/wordpress\/wp-json\/wp\/v2\/comments?post=1907"}],"version-history":[{"count":5,"href":"https:\/\/www.weinfreunde-unterland.at\/wordpress\/wp-json\/wp\/v2\/pages\/1907\/revisions"}],"predecessor-version":[{"id":3270,"href":"https:\/\/www.weinfreunde-unterland.at\/wordpress\/wp-json\/wp\/v2\/pages\/1907\/revisions\/3270"}],"wp:attachment":[{"href":"https:\/\/www.weinfreunde-unterland.at\/wordpress\/wp-json\/wp\/v2\/media?parent=1907"}],"curies":[{"name":"wp","href":"https:\/\/api.w.org\/{rel}","templated":true}]}}