{"id":1904,"date":"2012-04-17T10:00:10","date_gmt":"2012-04-17T08:00:10","guid":{"rendered":"http:\/\/www.weinfreunde-unterland.at\/wordpress\/?page_id=1904"},"modified":"2015-08-13T09:04:43","modified_gmt":"2015-08-13T07:04:43","slug":"vereinsmitglieder","status":"publish","type":"page","link":"https:\/\/www.weinfreunde-unterland.at\/wordpress\/vereinsmitglieder\/","title":{"rendered":"Vereinsmitglieder"},"content":{"rendered":"<p>Nachfolgend die Aufstellung der Gr\u00fcndungsmitglieder des Vereins der Weinfreunde Unterland:<\/p>\n<ul>\n<li><a title=\"Johann Gr\u00f6mansberger\" href=\"https:\/\/www.weinfreunde-unterland.at\/wordpress\/?page_id=185\">Gr\u00f6mansberger Johann<\/a><\/li>\n<li>Gr\u00f6mansberger Sabrina<\/li>\n<li>Lenzhofer Gabi<\/li>\n<li>Loinger Doris<\/li>\n<li>Loinger Helmut<\/li>\n<li>Raffeiner Josef<\/li>\n<li><a title=\"Frank Rinner\" href=\"https:\/\/www.weinfreunde-unterland.at\/wordpress\/?page_id=166\">Rinner Frank<\/a><\/li>\n<li>Rinner Gerda<\/li>\n<li>Rinner Renate<\/li>\n<li><a title=\"Wolfgang Rinner\" href=\"https:\/\/www.weinfreunde-unterland.at\/wordpress\/?page_id=99\">Rinner Wolfgang<\/a><\/li>\n<\/ul>\n<p>\u00dcber die Aufnahme weiterer Mitglieder wird in einer der n\u00e4chsten Vorstandssitzung entschieden (Voraussetzungen, Mitgliedsbeitr\u00e4ge etc.).<\/p>\n<p>Ordentliche Vereinsmitglieder:<\/p>\n<ul>\n<li>Fraubaum Mario<\/li>\n<\/ul>\n","protected":false},"excerpt":{"rendered":"<p>Nachfolgend die Aufstellung der Gr\u00fcndungsmitglieder des Vereins der Weinfreunde Unterland: Gr\u00f6mansberger Johann Gr\u00f6mansberger Sabrina Lenzhofer Gabi Loinger Doris Loinger Helmut &hellip; <\/p>\n","protected":false},"author":1,"featured_media":0,"parent":0,"menu_order":27,"comment_status":"open","ping_status":"open","template":"","meta":{"ngg_post_thumbnail":0,"footnotes":""},"class_list":["post-1904","page","type-page","status-publish","hentry"],"_links":{"self":[{"href":"https:\/\/www.weinfreunde-unterland.at\/wordpress\/wp-json\/wp\/v2\/pages\/1904","targetHints":{"allow":["GET"]}}],"collection":[{"href":"https:\/\/www.weinfreunde-unterland.at\/wordpress\/wp-json\/wp\/v2\/pages"}],"about":[{"href":"https:\/\/www.weinfreunde-unterland.at\/wordpress\/wp-json\/wp\/v2\/types\/page"}],"author":[{"embeddable":true,"href":"https:\/\/www.weinfreunde-unterland.at\/wordpress\/wp-json\/wp\/v2\/users\/1"}],"replies":[{"embeddable":true,"href":"https:\/\/www.weinfreunde-unterland.at\/wordpress\/wp-json\/wp\/v2\/comments?post=1904"}],"version-history":[{"count":7,"href":"https:\/\/www.weinfreunde-unterland.at\/wordpress\/wp-json\/wp\/v2\/pages\/1904\/revisions"}],"predecessor-version":[{"id":3369,"href":"https:\/\/www.weinfreunde-unterland.at\/wordpress\/wp-json\/wp\/v2\/pages\/1904\/revisions\/3369"}],"wp:attachment":[{"href":"https:\/\/www.weinfreunde-unterland.at\/wordpress\/wp-json\/wp\/v2\/media?parent=1904"}],"curies":[{"name":"wp","href":"https:\/\/api.w.org\/{rel}","templated":true}]}}