{"id":185,"date":"2009-04-20T09:44:58","date_gmt":"2009-04-20T08:44:58","guid":{"rendered":"http:\/\/www.weinfreunde-unterland.at\/wordpress\/?page_id=185"},"modified":"2013-12-04T13:46:54","modified_gmt":"2013-12-04T12:46:54","slug":"johann-gromansberger","status":"publish","type":"page","link":"https:\/\/www.weinfreunde-unterland.at\/wordpress\/ueber-mich\/johann-gromansberger\/","title":{"rendered":"Johann Gr\u00f6mansberger"},"content":{"rendered":"<figure id=\"attachment_189\" aria-describedby=\"caption-attachment-189\" style=\"width: 150px\" class=\"wp-caption alignleft\"><a href=\"https:\/\/www.weinfreunde-unterland.at\/wordpress\/wp-content\/uploads\/2009\/04\/img00048.jpg\"><img loading=\"lazy\" decoding=\"async\" class=\"size-thumbnail wp-image-189\" title=\"Johann Gr\u00f6mansberger mit Tobias\" alt=\"Johann Gr\u00f6mansberger mit Sohn Tobias\" src=\"https:\/\/www.weinfreunde-unterland.at\/wordpress\/wp-content\/uploads\/2009\/04\/img00048-150x150.jpg\" width=\"150\" height=\"150\" \/><\/a><figcaption id=\"caption-attachment-189\" class=\"wp-caption-text\">Johann Gr\u00f6mansberger mit Sohn Tobias<\/figcaption><\/figure>\n<p>Johann Gr\u00f6mansberger ist leitender kaufm\u00e4nnischer Angestellter, den seine Aufgabengebiete \u00f6fters nach Italien und Spanien bringen &#8211; daher u.a. auch seine Affinit\u00e4t zu italienischen und spanischen Weinen (neben den Weinen aus Kalifornien). Er lebt in Kufstein gemeinsam mit seiner Frau Sabrina und den kleinen &#8222;Nachwuchsverkostern&#8220; namens Tobias + Lukas<\/p>\n<p>Der vinophile Virus hat ihn vor 8 Jahren befallen, aber es steht nicht nur der Hedonismus im Vordergrund, sondern auch das Interesse f\u00fcr \u00d6nologie wurde geweckt &#8211; Ziel der Weinfreunde Unterland ist es daher, alle interessanten Weingebiete auch pers\u00f6nlich zu besuchen.<\/p>\n<p>Bei den Weinfreunden Unterland ist er u.a. f\u00fcr Organisation und Bewertung der Weinverkostungen sowie f\u00fcr die Verfassung von Artikeln f\u00fcr die Homepage zust\u00e4ndig.<\/p>\n<p><a href=\"https:\/\/www.weinfreunde-unterland.at\/wordpress\/?author=3\">Alle Artikel von Johann Gr\u00f6mansberger<\/a><\/p>\n","protected":false},"excerpt":{"rendered":"<p>Johann Gr\u00f6mansberger ist leitender kaufm\u00e4nnischer Angestellter, den seine Aufgabengebiete \u00f6fters nach Italien und Spanien bringen &#8211; daher u.a. auch seine &hellip; <\/p>\n","protected":false},"author":3,"featured_media":0,"parent":2,"menu_order":20,"comment_status":"closed","ping_status":"closed","template":"","meta":{"ngg_post_thumbnail":0,"footnotes":""},"class_list":["post-185","page","type-page","status-publish","hentry"],"_links":{"self":[{"href":"https:\/\/www.weinfreunde-unterland.at\/wordpress\/wp-json\/wp\/v2\/pages\/185","targetHints":{"allow":["GET"]}}],"collection":[{"href":"https:\/\/www.weinfreunde-unterland.at\/wordpress\/wp-json\/wp\/v2\/pages"}],"about":[{"href":"https:\/\/www.weinfreunde-unterland.at\/wordpress\/wp-json\/wp\/v2\/types\/page"}],"author":[{"embeddable":true,"href":"https:\/\/www.weinfreunde-unterland.at\/wordpress\/wp-json\/wp\/v2\/users\/3"}],"replies":[{"embeddable":true,"href":"https:\/\/www.weinfreunde-unterland.at\/wordpress\/wp-json\/wp\/v2\/comments?post=185"}],"version-history":[{"count":7,"href":"https:\/\/www.weinfreunde-unterland.at\/wordpress\/wp-json\/wp\/v2\/pages\/185\/revisions"}],"predecessor-version":[{"id":2728,"href":"https:\/\/www.weinfreunde-unterland.at\/wordpress\/wp-json\/wp\/v2\/pages\/185\/revisions\/2728"}],"up":[{"embeddable":true,"href":"https:\/\/www.weinfreunde-unterland.at\/wordpress\/wp-json\/wp\/v2\/pages\/2"}],"wp:attachment":[{"href":"https:\/\/www.weinfreunde-unterland.at\/wordpress\/wp-json\/wp\/v2\/media?parent=185"}],"curies":[{"name":"wp","href":"https:\/\/api.w.org\/{rel}","templated":true}]}}