{"id":114,"date":"2009-04-16T07:48:49","date_gmt":"2009-04-16T06:48:49","guid":{"rendered":"http:\/\/www.weinfreunde-unterland.at\/wordpress\/?page_id=114"},"modified":"2012-04-17T10:48:53","modified_gmt":"2012-04-17T08:48:53","slug":"uber-uns","status":"publish","type":"page","link":"https:\/\/www.weinfreunde-unterland.at\/wordpress\/uber-uns\/","title":{"rendered":"\u00dcber uns"},"content":{"rendered":"<p>Die Weinfreunde Unterland wurden im M\u00e4rz 2009 als lose Interessensgemeinschaft\u00a0zur F\u00f6rderung der Weinkultur im Tiroler Unterland gegr\u00fcndet.<\/p>\n<p>Nach langen Vorgespr\u00e4chen haben sich <a href=\"https:\/\/www.weinfreunde-unterland.at\/wordpress\/?page_id=2\">damaligen Gr\u00fcnder<\/a>\u00a0entschlossen, ihrem Hobby und Interessensgebiet &#8211; dem Wein &#8211; eine neue Plattform im Internet zu bieten. Um sich geographisch von anderen Angeboten abzugrenzen, richten wir uns speziell an alle Weinliebhaber im Tiroler Unterland; daher auch der Name &#8222;Weinfreunde Unterland&#8220;.<\/p>\n<p>Nach ziemlich genau 3 Jahren hat sich unsere Website als fixe Gr\u00f6\u00dfe bei den Weinfreunden und -kennern im Tiroler Unterland etabliert. Damit wir auch au\u00dferhalb unserer privaten Weinreisen, -verkostungen und -runden vinophile Veranstaltungen abhalten k\u00f6nnen, haben wir uns entschlossen die Weinfreunde Unterland als offiziellen Verein eintragen zu lassen. Der Verein &#8222;Weinfreunde Unterland&#8220; wurde also mit der <a href=\"https:\/\/www.weinfreunde-unterland.at\/wordpress\/?page_id=1907\">Gr\u00fcndungsversammlung<\/a> am 13.4.2012 in W\u00f6rgl aus der Taufe gehoben!<\/p>\n<p><strong>Unsere Website:<\/strong><\/p>\n<p>Wir wollen uns selbst von den Inhalten her bewusst nicht eingrenzen: Bei uns soll allen Weinen &#8211; vom steirischen Newcomer bis zum exklusiven Bordeaux &#8211; entsprechender Raum zur Verf\u00fcgung stehen. Verkostungsberichte finden ebenso Platz wie Berichte von weinbezogenen Reisen. \u00d6nologische Fragen k\u00f6nnen genauso diskutiert werden wie das leidige Verschlussthema. Es ist also alles willkommen, was irgendwie mit dem Thema &#8222;Wein&#8220; zu tun hat.<\/p>\n<p>Wichtig ist uns eine aktive, breite Nutzung: Wenn\u00a0Sie als Autor bei uns mitwirken wollen oder auch nur regelm\u00e4\u00dfig Kommentare anbringen wollen (einzelne Kommentare sind auch ohne Anmeldung m\u00f6glich), dann melden Sie sich einfach unter &#8222;Registrieren&#8220; auf unserer Startseite an oder senden Sie\u00a0mir ganz einfach ein <a href=\"mailto:wolfgang.rinner@weinfreunde-unterland.at\">Mail.<\/a><\/p>\n<p>Wenn Sie die Seite interessiert und Sie nichts vers\u00e4umen wollen, dann k\u00f6nnen Sie rechts oben Artikel und\/oder Kommentare als RSS-Feed f\u00fcr Ihren Newsreader abonnieren. Wollen Sie per Mail informiert werden, dann w\u00e4hlen Sie bitte im Hauptmen\u00fc &#8222;Mailverst\u00e4ndigung abonnieren&#8220;.<\/p>\n<p><strong>Hinweise f\u00fcr andere Blogs und Webseiten: <\/strong>Jegliche Art von Verlinkung auf unsere Artikel, insbesondere nat\u00fcrlich Trackbacks und Pingbacks sind jederzeit herzlich willkommen.<\/p>\n","protected":false},"excerpt":{"rendered":"<p>Die Weinfreunde Unterland wurden im M\u00e4rz 2009 als lose Interessensgemeinschaft\u00a0zur F\u00f6rderung der Weinkultur im Tiroler Unterland gegr\u00fcndet. Nach langen Vorgespr\u00e4chen &hellip; <\/p>\n","protected":false},"author":1,"featured_media":0,"parent":0,"menu_order":10,"comment_status":"open","ping_status":"closed","template":"","meta":{"ngg_post_thumbnail":0,"footnotes":""},"class_list":["post-114","page","type-page","status-publish","hentry"],"_links":{"self":[{"href":"https:\/\/www.weinfreunde-unterland.at\/wordpress\/wp-json\/wp\/v2\/pages\/114","targetHints":{"allow":["GET"]}}],"collection":[{"href":"https:\/\/www.weinfreunde-unterland.at\/wordpress\/wp-json\/wp\/v2\/pages"}],"about":[{"href":"https:\/\/www.weinfreunde-unterland.at\/wordpress\/wp-json\/wp\/v2\/types\/page"}],"author":[{"embeddable":true,"href":"https:\/\/www.weinfreunde-unterland.at\/wordpress\/wp-json\/wp\/v2\/users\/1"}],"replies":[{"embeddable":true,"href":"https:\/\/www.weinfreunde-unterland.at\/wordpress\/wp-json\/wp\/v2\/comments?post=114"}],"version-history":[{"count":12,"href":"https:\/\/www.weinfreunde-unterland.at\/wordpress\/wp-json\/wp\/v2\/pages\/114\/revisions"}],"predecessor-version":[{"id":1922,"href":"https:\/\/www.weinfreunde-unterland.at\/wordpress\/wp-json\/wp\/v2\/pages\/114\/revisions\/1922"}],"wp:attachment":[{"href":"https:\/\/www.weinfreunde-unterland.at\/wordpress\/wp-json\/wp\/v2\/media?parent=114"}],"curies":[{"name":"wp","href":"https:\/\/api.w.org\/{rel}","templated":true}]}}