{"id":108,"date":"2009-04-16T07:37:11","date_gmt":"2009-04-16T06:37:11","guid":{"rendered":"http:\/\/www.weinfreunde-unterland.at\/wordpress\/?page_id=108"},"modified":"2012-04-18T08:51:30","modified_gmt":"2012-04-18T06:51:30","slug":"impressum","status":"publish","type":"page","link":"https:\/\/www.weinfreunde-unterland.at\/wordpress\/impressum\/","title":{"rendered":"Impressum"},"content":{"rendered":"<p>Weinfreunde Unterland<br \/>\nZVR-Zahl: 880908273<br \/>\n<a href=\"..\/..\/\">https:\/\/www.weinfreunde-unterland.at<\/a><\/p>\n<p>Verantwortlich f\u00fcr den Inhalt: Wolfgang Rinner<br \/>\n<a href=\"mailto:wolfgang.rinner@weinfreunde-unterland.at\">wolfgang.rinner@weinfreunde-unterland.at<\/a><\/p>\n<p><strong>Hinweis &#8211; Benutzungsbestimmungen:<\/strong><\/p>\n<p>Die Weinfreunde Unterland sind ein Verein zur F\u00f6rderung der Weinkultur im Tiroler Unterland und weder vereins- noch gewerbsm\u00e4\u00dfig organisiert.<\/p>\n<p>Wir pr\u00fcfen und aktualisieren die Informationen auf unseren Webseiten st\u00e4ndig. Trotz aller Sorgfalt k\u00f6nnen sich die Daten inzwischen ver\u00e4ndert haben bzw. Irrt\u00fcmer nicht ausgeschlossen werden.<\/p>\n<p>Die Verwendung der in diesen Webseiten enthaltenen Informationen liegt in der ausschlie\u00dflichen Verantwortung des jeweiligen Benutzers \/ Lesers und gilt vorbehaltlich aller anzuwendenden rechtlichen Bestimmungen.<\/p>\n<p>F\u00fcr die Inhalte aller Webseiten auf die mittels Hyperlink verwiesen wird, sind die Weinfreunde Unterland nicht verantwortlich. Das Aufrufen dieser Webseiten erfolgt auf eigene Gefahr. Obwohl Artikel und Kommentare regelm\u00e4\u00dfig durchforstet und beleidigende, rassistische, gewaltverherrlichende, pornografische Beitr\u00e4ge sowie Beitr\u00e4ge, die rechtlich bedenklich sind, laufend gel\u00f6scht werden, stellen diese Beitr\u00e4ge die Meinung des jeweiligen Benutzers dar, weshalb die Weinfreunde Unterland auch hier nicht verantwortlich sind.<\/p>\n<p>Die Weinfreunde Unterland achten darauf, nur Inhalte zu verwenden, f\u00fcr die zumindest einer der Autoren selber die Urheberrechte besitzt. Sollte dennoch eine Urheberrechtsverletzung festgestellt werden, so ist dies unbedingt dem Administrator zu melden.<\/p>\n<p>Die auf dieser Internetseite bereitgestellten Informationen d\u00fcrfen weder f\u00fcr Zwecke, die gegen das Recht versto\u00dfen, das auf den jeweiligen Nutzer anzuwenden ist, noch f\u00fcr Zwecke, die allgemein gegen gesetzliche Vorschriften im Zusammenhang mit der Lieferung und den Gebrauch von Informationen versto\u00dfen, verwendet werden.<\/p>\n<p>Es besteht kein Anspruch auf Nutzung und Verf\u00fcgbarkeit der Services. Die Betreiber garantieren nicht f\u00fcr Betriebsunterbrechungen bzw. eine unangek\u00fcndigte Einstellung des Service, sowie f\u00fcr eine sichere und fehlerfreie Zurverf\u00fcgungstellung der Dienste.<\/p>\n<p>Die Weinfreunde Unterland verpflichten sich, die bei jeglicher Kontaktaufnahme\/Registrierung und bei der Nutzung der Dienste durch den jeweiligen Teilnehmer erhobenen, verarbeiteten und gespeicherten Daten nicht an au\u00dfenstehende Dritte weiterzugeben, soweit hierzu keine gesetzlich oder beh\u00f6rdlich angeordnete Verpflichtung besteht oder der Teilnehmer hierzu seine Zustimmung gegeben hat.<\/p>\n<p><span style=\"color: #ff0000;\">Es wird ausdr\u00fccklich darauf hingewiesen, dass die in Artikeln ver\u00f6ffentlichen Texte und Bilder geistiges Eigentum der jeweiligen Autoren sind und ebenso wie evtl. ver\u00f6ffentlichte Kontaktdaten (e-mail-Adressen, Telefonnummern, Adressen etc.) ausschlie\u00dflich f\u00fcr private Zwecke in Zusammenhang mit den Interessen der Weinfreunde Unterland genutzt werden d\u00fcrfen. Die Nutzung f\u00fcr gewerbliche Zwecke jeglicher Art, insbesondere f\u00fcr die Zusendung von unerw\u00fcnschtem Werbematerial oder -mail, ist nicht gestattet. <\/span><\/p>\n","protected":false},"excerpt":{"rendered":"<p>Weinfreunde Unterland ZVR-Zahl: 880908273 https:\/\/www.weinfreunde-unterland.at Verantwortlich f\u00fcr den Inhalt: Wolfgang Rinner wolfgang.rinner@weinfreunde-unterland.at Hinweis &#8211; Benutzungsbestimmungen: Die Weinfreunde Unterland sind ein &hellip; <\/p>\n","protected":false},"author":1,"featured_media":0,"parent":0,"menu_order":90,"comment_status":"closed","ping_status":"closed","template":"","meta":{"ngg_post_thumbnail":0,"footnotes":""},"class_list":["post-108","page","type-page","status-publish","hentry"],"_links":{"self":[{"href":"https:\/\/www.weinfreunde-unterland.at\/wordpress\/wp-json\/wp\/v2\/pages\/108","targetHints":{"allow":["GET"]}}],"collection":[{"href":"https:\/\/www.weinfreunde-unterland.at\/wordpress\/wp-json\/wp\/v2\/pages"}],"about":[{"href":"https:\/\/www.weinfreunde-unterland.at\/wordpress\/wp-json\/wp\/v2\/types\/page"}],"author":[{"embeddable":true,"href":"https:\/\/www.weinfreunde-unterland.at\/wordpress\/wp-json\/wp\/v2\/users\/1"}],"replies":[{"embeddable":true,"href":"https:\/\/www.weinfreunde-unterland.at\/wordpress\/wp-json\/wp\/v2\/comments?post=108"}],"version-history":[{"count":8,"href":"https:\/\/www.weinfreunde-unterland.at\/wordpress\/wp-json\/wp\/v2\/pages\/108\/revisions"}],"predecessor-version":[{"id":1345,"href":"https:\/\/www.weinfreunde-unterland.at\/wordpress\/wp-json\/wp\/v2\/pages\/108\/revisions\/1345"}],"wp:attachment":[{"href":"https:\/\/www.weinfreunde-unterland.at\/wordpress\/wp-json\/wp\/v2\/media?parent=108"}],"curies":[{"name":"wp","href":"https:\/\/api.w.org\/{rel}","templated":true}]}}